{"id":5,"date":"2024-10-10T06:40:03","date_gmt":"2024-10-10T06:40:03","guid":{"rendered":"https:\/\/aelidrissi.inscastellbisbal.net\/?page_id=5"},"modified":"2024-11-20T08:04:37","modified_gmt":"2024-11-20T08:04:37","slug":"home","status":"publish","type":"page","link":"https:\/\/aelidrissi.inscastellbisbal.net\/","title":{"rendered":"home"},"content":{"rendered":"\t\t<div data-elementor-type=\"wp-page\" data-elementor-id=\"5\" class=\"elementor elementor-5\">\n\t\t\t\t\t\t<section class=\"elementor-section elementor-top-section elementor-element elementor-element-5db8b84a elementor-section-height-min-height elementor-section-boxed elementor-section-height-default elementor-section-items-middle\" data-id=\"5db8b84a\" data-element_type=\"section\" data-settings=\"{&quot;background_background&quot;:&quot;classic&quot;}\">\n\t\t\t\t\t\t\t<div class=\"elementor-background-overlay\"><\/div>\n\t\t\t\t\t\t\t<div class=\"elementor-container elementor-column-gap-default\">\n\t\t\t\t\t<div class=\"elementor-column elementor-col-100 elementor-top-column elementor-element elementor-element-afb8962\" data-id=\"afb8962\" data-element_type=\"column\">\n\t\t\t<div class=\"elementor-widget-wrap elementor-element-populated\">\n\t\t\t\t\t\t<div class=\"elementor-element elementor-element-5d75854c elementor-widget elementor-widget-heading\" data-id=\"5d75854c\" data-element_type=\"widget\" data-widget_type=\"heading.default\">\n\t\t\t\t<div class=\"elementor-widget-container\">\n\t\t\t<h1 class=\"elementor-heading-title elementor-size-default\">anas \n<p>El Idrissi<\/h1>\t\t<\/div>\n\t\t\t\t<\/div>\n\t\t\t\t<div class=\"elementor-element elementor-element-6d2ca51a elementor-widget elementor-widget-heading\" data-id=\"6d2ca51a\" data-element_type=\"widget\" data-widget_type=\"heading.default\">\n\t\t\t\t<div class=\"elementor-widget-container\">\n\t\t\t<h2 class=\"elementor-heading-title elementor-size-default\">ACTIVITATS COMERCIALS<\/h2>\t\t<\/div>\n\t\t\t\t<\/div>\n\t\t\t\t\t<\/div>\n\t\t<\/div>\n\t\t\t\t\t<\/div>\n\t\t<\/section>\n\t\t\t\t<section class=\"elementor-section elementor-top-section elementor-element elementor-element-485c6906 elementor-section-full_width elementor-section-height-default elementor-section-height-default\" data-id=\"485c6906\" data-element_type=\"section\" data-settings=\"{&quot;background_background&quot;:&quot;classic&quot;}\">\n\t\t\t\t\t\t\t<div class=\"elementor-background-overlay\"><\/div>\n\t\t\t\t\t\t\t<div class=\"elementor-container elementor-column-gap-no\">\n\t\t\t\t\t<div class=\"elementor-column elementor-col-100 elementor-top-column elementor-element elementor-element-6c677ab7\" data-id=\"6c677ab7\" data-element_type=\"column\">\n\t\t\t<div class=\"elementor-widget-wrap elementor-element-populated\">\n\t\t\t\t\t\t<section class=\"elementor-section elementor-inner-section elementor-element elementor-element-1bbf81dc elementor-section-boxed elementor-section-height-default elementor-section-height-default\" data-id=\"1bbf81dc\" data-element_type=\"section\">\n\t\t\t\t\t\t<div class=\"elementor-container elementor-column-gap-default\">\n\t\t\t\t\t<div class=\"elementor-column elementor-col-100 elementor-inner-column elementor-element elementor-element-2830c935\" data-id=\"2830c935\" data-element_type=\"column\">\n\t\t\t<div class=\"elementor-widget-wrap elementor-element-populated\">\n\t\t\t\t\t\t<div class=\"elementor-element elementor-element-752c77e1 elementor-widget elementor-widget-heading\" data-id=\"752c77e1\" data-element_type=\"widget\" data-widget_type=\"heading.default\">\n\t\t\t\t<div class=\"elementor-widget-container\">\n\t\t\t<h2 class=\"elementor-heading-title elementor-size-default\">Benvingut al meu PortafolIs\n\n\u200b<\/h2>\t\t<\/div>\n\t\t\t\t<\/div>\n\t\t\t\t<div class=\"elementor-element elementor-element-7db6e6d1 elementor-widget-divider--view-line elementor-widget elementor-widget-divider\" data-id=\"7db6e6d1\" data-element_type=\"widget\" data-widget_type=\"divider.default\">\n\t\t\t\t<div class=\"elementor-widget-container\">\n\t\t\t\t\t<div class=\"elementor-divider\">\n\t\t\t<span class=\"elementor-divider-separator\">\n\t\t\t\t\t\t<\/span>\n\t\t<\/div>\n\t\t\t\t<\/div>\n\t\t\t\t<\/div>\n\t\t<div class=\"elementor-element elementor-element-7dd9a60 e-flex e-con-boxed e-con e-parent\" data-id=\"7dd9a60\" data-element_type=\"container\">\n\t\t\t\t\t<div class=\"e-con-inner\">\n\t\t\t\t<div class=\"elementor-element elementor-element-40e7d6d elementor-widget elementor-widget-text-editor\" data-id=\"40e7d6d\" data-element_type=\"widget\" data-widget_type=\"text-editor.default\">\n\t\t\t\t<div class=\"elementor-widget-container\">\n\t\t\t\t\t\t\t<p>Hola! S\u00f3c <strong>Anas El Idrissi Teghadouan<\/strong>, estudiant del cicle mitj\u00e0 d&#8217;Activitats Comercials a l&#8217;Institut Castellbisbal. Als meus 16 anys, tinc la motivaci\u00f3 i les habilitats necess\u00e0ries per emprendre un cam\u00ed professional al m\u00f3n del comer\u00e7. <\/p><p><span class=\"Y2IQFc\" lang=\"ca\">La meva fortalesa m\u00e9s gran \u00e9s la meva capacitat per aprendre r\u00e0pidament. M&#8217;adapto f\u00e0cilment a nous entorns i situacions, cosa que em permet aportar valor des del primer moment a qualsevol equip de treball. A m\u00e9s, tinc una gran habilitat per treballar en equip, un aspecte fonamental a qualsevol entorn professional.<\/span><\/p>\t\t\t\t\t\t<\/div>\n\t\t\t\t<\/div>\n\t\t\t\t\t<\/div>\n\t\t\t\t<\/div>\n\t\t\t\t\t<\/div>\n\t\t<\/div>\n\t\t\t\t\t<\/div>\n\t\t<\/section>\n\t\t\t\t\t<\/div>\n\t\t<\/div>\n\t\t\t\t\t<\/div>\n\t\t<\/section>\n\t\t\t\t<section class=\"elementor-section elementor-top-section elementor-element elementor-element-6e6f793 elementor-section-height-min-height elementor-section-boxed elementor-section-height-default elementor-section-items-middle\" data-id=\"6e6f793\" data-element_type=\"section\" data-settings=\"{&quot;background_background&quot;:&quot;classic&quot;}\">\n\t\t\t\t\t\t\t<div class=\"elementor-background-overlay\"><\/div>\n\t\t\t\t\t\t\t<div class=\"elementor-container elementor-column-gap-default\">\n\t\t\t\t\t<div class=\"elementor-column elementor-col-100 elementor-top-column elementor-element elementor-element-19ac58a3\" data-id=\"19ac58a3\" data-element_type=\"column\">\n\t\t\t<div class=\"elementor-widget-wrap elementor-element-populated\">\n\t\t\t\t\t\t<div class=\"elementor-element elementor-element-4a513337 elementor-widget elementor-widget-heading\" data-id=\"4a513337\" data-element_type=\"widget\" data-widget_type=\"heading.default\">\n\t\t\t\t<div class=\"elementor-widget-container\">\n\t\t\t<h2 class=\"elementor-heading-title elementor-size-default\">que hem motiva?<\/h2>\t\t<\/div>\n\t\t\t\t<\/div>\n\t\t\t\t<div class=\"elementor-element elementor-element-33fc40eb elementor-widget elementor-widget-heading\" data-id=\"33fc40eb\" data-element_type=\"widget\" data-widget_type=\"heading.default\">\n\t\t\t\t<div class=\"elementor-widget-container\">\n\t\t\t<h2 class=\"elementor-heading-title elementor-size-default\">El meu objectiu \u00e9s comen\u00e7ar la meva carrera professional treballant en una botiga a Castellbisbal, on pugui aplicar all\u00f2 apr\u00e8s als meus estudis i seguir creixent. M'agradaria comen\u00e7ar des de les pr\u00e0ctiques, per tal de demostrar les meves capacitats i comprometre'm amb la feina ben feta.<\/h2>\t\t<\/div>\n\t\t\t\t<\/div>\n\t\t\t\t\t<\/div>\n\t\t<\/div>\n\t\t\t\t\t<\/div>\n\t\t<\/section>\n\t\t\t\t<section class=\"elementor-section elementor-top-section elementor-element elementor-element-271ca7bb elementor-section-boxed elementor-section-height-default elementor-section-height-default\" data-id=\"271ca7bb\" data-element_type=\"section\" data-settings=\"{&quot;background_background&quot;:&quot;classic&quot;}\">\n\t\t\t\t\t\t\t<div class=\"elementor-background-overlay\"><\/div>\n\t\t\t\t\t\t\t<div class=\"elementor-container elementor-column-gap-no\">\n\t\t\t\t\t<div class=\"elementor-column elementor-col-100 elementor-top-column elementor-element elementor-element-2093de51\" data-id=\"2093de51\" data-element_type=\"column\">\n\t\t\t<div class=\"elementor-widget-wrap elementor-element-populated\">\n\t\t\t\t\t\t<section class=\"elementor-section elementor-inner-section elementor-element elementor-element-7aa2405c elementor-section-boxed elementor-section-height-default elementor-section-height-default\" data-id=\"7aa2405c\" data-element_type=\"section\">\n\t\t\t\t\t\t<div class=\"elementor-container elementor-column-gap-default\">\n\t\t\t\t\t<div class=\"elementor-column elementor-col-100 elementor-inner-column elementor-element elementor-element-1afeca8d\" data-id=\"1afeca8d\" data-element_type=\"column\">\n\t\t\t<div class=\"elementor-widget-wrap elementor-element-populated\">\n\t\t\t\t\t\t<div class=\"elementor-element elementor-element-ee24fec elementor-widget-divider--view-line_text elementor-widget-divider--element-align-center elementor-widget elementor-widget-divider\" data-id=\"ee24fec\" data-element_type=\"widget\" data-widget_type=\"divider.default\">\n\t\t\t\t<div class=\"elementor-widget-container\">\n\t\t\t\t\t<div class=\"elementor-divider\">\n\t\t\t<span class=\"elementor-divider-separator\">\n\t\t\t\t\t\t\t<span class=\"elementor-divider__text elementor-divider__element\">\n\t\t\t\tles meves habilitats\t\t\t\t<\/span>\n\t\t\t\t\t\t<\/span>\n\t\t<\/div>\n\t\t\t\t<\/div>\n\t\t\t\t<\/div>\n\t\t\t\t<div class=\"elementor-element elementor-element-36378590 elementor-vertical-align-top elementor-widget elementor-widget-image-box\" data-id=\"36378590\" data-element_type=\"widget\" data-widget_type=\"image-box.default\">\n\t\t\t\t<div class=\"elementor-widget-container\">\n\t\t\t<div class=\"elementor-image-box-wrapper\"><div class=\"elementor-image-box-content\"><h4 class=\"elementor-image-box-title\">Aprenentatge r\u00e0pid:<\/h4><p class=\"elementor-image-box-description\">M'adapto a nous processos i eines amb facilitat.\n\n<\/p><\/div><\/div>\t\t<\/div>\n\t\t\t\t<\/div>\n\t\t\t\t<div class=\"elementor-element elementor-element-7319aecb elementor-vertical-align-top elementor-widget elementor-widget-image-box\" data-id=\"7319aecb\" data-element_type=\"widget\" data-widget_type=\"image-box.default\">\n\t\t\t\t<div class=\"elementor-widget-container\">\n\t\t\t<div class=\"elementor-image-box-wrapper\"><div class=\"elementor-image-box-content\"><h4 class=\"elementor-image-box-title\">Treball en equip:<\/h4><p class=\"elementor-image-box-description\">S\u00f3c un col\u00b7laborador efica\u00e7 i m'agrada contribuir a l'\u00e8xit del grup.<\/p><\/div><\/div>\t\t<\/div>\n\t\t\t\t<\/div>\n\t\t\t\t<div class=\"elementor-element elementor-element-180f4052 elementor-vertical-align-top elementor-widget elementor-widget-image-box\" data-id=\"180f4052\" data-element_type=\"widget\" data-widget_type=\"image-box.default\">\n\t\t\t\t<div class=\"elementor-widget-container\">\n\t\t\t<div class=\"elementor-image-box-wrapper\"><div class=\"elementor-image-box-content\"><h4 class=\"elementor-image-box-title\">Actitud proactiva: <\/h4><p class=\"elementor-image-box-description\">Busco sempre oportunitats per millorar i fer les coses de manera eficient.\n\n<\/p><\/div><\/div>\t\t<\/div>\n\t\t\t\t<\/div>\n\t\t\t\t\t<\/div>\n\t\t<\/div>\n\t\t\t\t\t<\/div>\n\t\t<\/section>\n\t\t\t\t\t<\/div>\n\t\t<\/div>\n\t\t\t\t\t<\/div>\n\t\t<\/section>\n\t\t<div class=\"elementor-element elementor-element-3751e1a e-flex e-con-boxed e-con e-parent\" data-id=\"3751e1a\" data-element_type=\"container\">\n\t\t\t\t\t<div class=\"e-con-inner\">\n\t\t\t\t\t<\/div>\n\t\t\t\t<\/div>\n\t\t<div class=\"elementor-element elementor-element-e5f2750 e-grid e-con-boxed e-con e-parent\" data-id=\"e5f2750\" data-element_type=\"container\">\n\t\t\t\t\t<div class=\"e-con-inner\">\n\t\t\t\t<div class=\"elementor-element elementor-element-6712b9e elementor-widget elementor-widget-heading\" data-id=\"6712b9e\" data-element_type=\"widget\" data-widget_type=\"heading.default\">\n\t\t\t\t<div class=\"elementor-widget-container\">\n\t\t\t<h2 class=\"elementor-heading-title elementor-size-default\">Gr\u00e0cies per visitar el meu portfoli!\nSi tens algun dubte o vols con\u00e8ixer m\u00e9s sobre mi, no dubtis a contactar-me.<br> Estic sempre disposat a explorar noves oportunitats i col\u00b7laborar amb empreses que comparteixin els meus valors.\n\nEspero que us agradi el disseny i to d'aquest contingut. Si vols afegir alguna cosa m\u00e9s o canviar algun detall, digues-m'ho!<br><\/h2>\t\t<\/div>\n\t\t\t\t<\/div>\n\t\t\t\t\t<\/div>\n\t\t\t\t<\/div>\n\t\t\t\t<\/div>\n\t\t","protected":false},"excerpt":{"rendered":"<p>anas El Idrissi ACTIVITATS COMERCIALS Benvingut al meu PortafolIs \u200b Hola! S\u00f3c Anas El Idrissi Teghadouan, estudiant del cicle mitj\u00e0 d&#8217;Activitats Comercials a l&#8217;Institut Castellbisbal. Als meus 16 anys, tinc la motivaci\u00f3 i les habilitats necess\u00e0ries per emprendre un cam\u00ed professional al m\u00f3n del comer\u00e7. La meva fortalesa m\u00e9s gran \u00e9s la meva capacitat per &#8230; <a title=\"home\" class=\"read-more\" href=\"https:\/\/aelidrissi.inscastellbisbal.net\/\" aria-label=\"Read more about home\">Read more<\/a><\/p>\n","protected":false},"author":1,"featured_media":0,"parent":0,"menu_order":0,"comment_status":"closed","ping_status":"closed","template":"","meta":{"footnotes":""},"class_list":["post-5","page","type-page","status-publish"],"yoast_head":"<!-- This site is optimized with the Yoast SEO plugin v23.9 - https:\/\/yoast.com\/wordpress\/plugins\/seo\/ -->\n<title>home - anas el idrissi teghadouan<\/title>\n<meta name=\"robots\" content=\"noindex, follow, max-snippet:-1, max-image-preview:large, max-video-preview:-1\" \/>\n<meta property=\"og:locale\" content=\"en_US\" \/>\n<meta property=\"og:type\" content=\"article\" \/>\n<meta property=\"og:title\" content=\"home - anas el idrissi teghadouan\" \/>\n<meta property=\"og:description\" content=\"anas El Idrissi ACTIVITATS COMERCIALS Benvingut al meu PortafolIs \u200b Hola! S\u00f3c Anas El Idrissi Teghadouan, estudiant del cicle mitj\u00e0 d&#8217;Activitats Comercials a l&#8217;Institut Castellbisbal. Als meus 16 anys, tinc la motivaci\u00f3 i les habilitats necess\u00e0ries per emprendre un cam\u00ed professional al m\u00f3n del comer\u00e7. La meva fortalesa m\u00e9s gran \u00e9s la meva capacitat per ... Read more\" \/>\n<meta property=\"og:url\" content=\"https:\/\/aelidrissi.inscastellbisbal.net\/\" \/>\n<meta property=\"og:site_name\" content=\"anas el idrissi teghadouan\" \/>\n<meta property=\"article:modified_time\" content=\"2024-11-20T08:04:37+00:00\" \/>\n<meta name=\"twitter:card\" content=\"summary_large_image\" \/>\n<meta name=\"twitter:label1\" content=\"Est. reading time\" \/>\n\t<meta name=\"twitter:data1\" content=\"2 minutes\" \/>\n<script type=\"application\/ld+json\" class=\"yoast-schema-graph\">{\"@context\":\"https:\/\/schema.org\",\"@graph\":[{\"@type\":\"WebPage\",\"@id\":\"https:\/\/aelidrissi.inscastellbisbal.net\/\",\"url\":\"https:\/\/aelidrissi.inscastellbisbal.net\/\",\"name\":\"home - anas el idrissi teghadouan\",\"isPartOf\":{\"@id\":\"https:\/\/aelidrissi.inscastellbisbal.net\/#website\"},\"datePublished\":\"2024-10-10T06:40:03+00:00\",\"dateModified\":\"2024-11-20T08:04:37+00:00\",\"breadcrumb\":{\"@id\":\"https:\/\/aelidrissi.inscastellbisbal.net\/#breadcrumb\"},\"inLanguage\":\"en-US\",\"potentialAction\":[{\"@type\":\"ReadAction\",\"target\":[\"https:\/\/aelidrissi.inscastellbisbal.net\/\"]}]},{\"@type\":\"BreadcrumbList\",\"@id\":\"https:\/\/aelidrissi.inscastellbisbal.net\/#breadcrumb\",\"itemListElement\":[{\"@type\":\"ListItem\",\"position\":1,\"name\":\"Home\",\"item\":\"https:\/\/aelidrissi.inscastellbisbal.net\/\"},{\"@type\":\"ListItem\",\"position\":2,\"name\":\"home\"}]},{\"@type\":\"WebSite\",\"@id\":\"https:\/\/aelidrissi.inscastellbisbal.net\/#website\",\"url\":\"https:\/\/aelidrissi.inscastellbisbal.net\/\",\"name\":\"anas el idrissi teghadouan\",\"description\":\"\",\"potentialAction\":[{\"@type\":\"SearchAction\",\"target\":{\"@type\":\"EntryPoint\",\"urlTemplate\":\"https:\/\/aelidrissi.inscastellbisbal.net\/?s={search_term_string}\"},\"query-input\":{\"@type\":\"PropertyValueSpecification\",\"valueRequired\":true,\"valueName\":\"search_term_string\"}}],\"inLanguage\":\"en-US\"}]}<\/script>\n<!-- \/ Yoast SEO plugin. -->","yoast_head_json":{"title":"home - anas el idrissi teghadouan","robots":{"index":"noindex","follow":"follow","max-snippet":"max-snippet:-1","max-image-preview":"max-image-preview:large","max-video-preview":"max-video-preview:-1"},"og_locale":"en_US","og_type":"article","og_title":"home - anas el idrissi teghadouan","og_description":"anas El Idrissi ACTIVITATS COMERCIALS Benvingut al meu PortafolIs \u200b Hola! S\u00f3c Anas El Idrissi Teghadouan, estudiant del cicle mitj\u00e0 d&#8217;Activitats Comercials a l&#8217;Institut Castellbisbal. Als meus 16 anys, tinc la motivaci\u00f3 i les habilitats necess\u00e0ries per emprendre un cam\u00ed professional al m\u00f3n del comer\u00e7. La meva fortalesa m\u00e9s gran \u00e9s la meva capacitat per ... Read more","og_url":"https:\/\/aelidrissi.inscastellbisbal.net\/","og_site_name":"anas el idrissi teghadouan","article_modified_time":"2024-11-20T08:04:37+00:00","twitter_card":"summary_large_image","twitter_misc":{"Est. reading time":"2 minutes"},"schema":{"@context":"https:\/\/schema.org","@graph":[{"@type":"WebPage","@id":"https:\/\/aelidrissi.inscastellbisbal.net\/","url":"https:\/\/aelidrissi.inscastellbisbal.net\/","name":"home - anas el idrissi teghadouan","isPartOf":{"@id":"https:\/\/aelidrissi.inscastellbisbal.net\/#website"},"datePublished":"2024-10-10T06:40:03+00:00","dateModified":"2024-11-20T08:04:37+00:00","breadcrumb":{"@id":"https:\/\/aelidrissi.inscastellbisbal.net\/#breadcrumb"},"inLanguage":"en-US","potentialAction":[{"@type":"ReadAction","target":["https:\/\/aelidrissi.inscastellbisbal.net\/"]}]},{"@type":"BreadcrumbList","@id":"https:\/\/aelidrissi.inscastellbisbal.net\/#breadcrumb","itemListElement":[{"@type":"ListItem","position":1,"name":"Home","item":"https:\/\/aelidrissi.inscastellbisbal.net\/"},{"@type":"ListItem","position":2,"name":"home"}]},{"@type":"WebSite","@id":"https:\/\/aelidrissi.inscastellbisbal.net\/#website","url":"https:\/\/aelidrissi.inscastellbisbal.net\/","name":"anas el idrissi teghadouan","description":"","potentialAction":[{"@type":"SearchAction","target":{"@type":"EntryPoint","urlTemplate":"https:\/\/aelidrissi.inscastellbisbal.net\/?s={search_term_string}"},"query-input":{"@type":"PropertyValueSpecification","valueRequired":true,"valueName":"search_term_string"}}],"inLanguage":"en-US"}]}},"_links":{"self":[{"href":"https:\/\/aelidrissi.inscastellbisbal.net\/index.php?rest_route=\/wp\/v2\/pages\/5"}],"collection":[{"href":"https:\/\/aelidrissi.inscastellbisbal.net\/index.php?rest_route=\/wp\/v2\/pages"}],"about":[{"href":"https:\/\/aelidrissi.inscastellbisbal.net\/index.php?rest_route=\/wp\/v2\/types\/page"}],"author":[{"embeddable":true,"href":"https:\/\/aelidrissi.inscastellbisbal.net\/index.php?rest_route=\/wp\/v2\/users\/1"}],"replies":[{"embeddable":true,"href":"https:\/\/aelidrissi.inscastellbisbal.net\/index.php?rest_route=%2Fwp%2Fv2%2Fcomments&post=5"}],"version-history":[{"count":10,"href":"https:\/\/aelidrissi.inscastellbisbal.net\/index.php?rest_route=\/wp\/v2\/pages\/5\/revisions"}],"predecessor-version":[{"id":50,"href":"https:\/\/aelidrissi.inscastellbisbal.net\/index.php?rest_route=\/wp\/v2\/pages\/5\/revisions\/50"}],"wp:attachment":[{"href":"https:\/\/aelidrissi.inscastellbisbal.net\/index.php?rest_route=%2Fwp%2Fv2%2Fmedia&parent=5"}],"curies":[{"name":"wp","href":"https:\/\/api.w.org\/{rel}","templated":true}]}}